{"id":3,"date":"2023-05-18T06:13:47","date_gmt":"2023-05-18T06:13:47","guid":{"rendered":"https:\/\/wagnerstays.com\/?page_id=3"},"modified":"2024-02-22T20:47:02","modified_gmt":"2024-02-22T20:47:02","slug":"privacy-policy","status":"publish","type":"page","link":"https:\/\/wagnerstays.com\/cs\/privacy-policy\/","title":{"rendered":"Z\u00e1sady ochrany osobn\u00edch \u00fadaj\u016f"},"content":{"rendered":"<div data-elementor-type=\"wp-page\" data-elementor-id=\"3\" class=\"elementor elementor-3\" data-elementor-post-type=\"page\">\n\t\t\t\t\t\t<section class=\"elementor-section elementor-top-section elementor-element elementor-element-d4fbb1a elementor-section-height-min-height elementor-section-boxed elementor-section-height-default elementor-section-items-middle\" data-id=\"d4fbb1a\" data-element_type=\"section\" data-e-type=\"section\" data-settings=\"{&quot;jet_parallax_layout_list&quot;:[],&quot;background_background&quot;:&quot;classic&quot;,&quot;shape_divider_bottom&quot;:&quot;curve&quot;}\">\n\t\t\t\t\t\t\t<div class=\"elementor-background-overlay\"><\/div>\n\t\t\t\t\t\t<div class=\"elementor-shape elementor-shape-bottom\" aria-hidden=\"true\" data-negative=\"false\">\n\t\t\t<svg xmlns=\"http:\/\/www.w3.org\/2000\/svg\" viewbox=\"0 0 1000 100\" preserveaspectratio=\"none\">\n    <path class=\"elementor-shape-fill\" d=\"M1000,4.3V0H0v4.3C0.9,23.1,126.7,99.2,500,100S1000,22.7,1000,4.3z\"\/>\n<\/svg>\t\t<\/div>\n\t\t\t\t\t<div class=\"elementor-container elementor-column-gap-default\">\n\t\t\t\t\t<div class=\"elementor-column elementor-col-100 elementor-top-column elementor-element elementor-element-8d837d8\" data-id=\"8d837d8\" data-element_type=\"column\" data-e-type=\"column\">\n\t\t\t<div class=\"elementor-widget-wrap elementor-element-populated\">\n\t\t\t\t\t\t<section class=\"elementor-section elementor-inner-section elementor-element elementor-element-ab336fe elementor-section-boxed elementor-section-height-default elementor-section-height-default\" data-id=\"ab336fe\" data-element_type=\"section\" data-e-type=\"section\" data-settings=\"{&quot;jet_parallax_layout_list&quot;:[]}\">\n\t\t\t\t\t\t<div class=\"elementor-container elementor-column-gap-default\">\n\t\t\t\t\t<div class=\"elementor-column elementor-col-100 elementor-inner-column elementor-element elementor-element-6894749\" data-id=\"6894749\" data-element_type=\"column\" data-e-type=\"column\">\n\t\t\t<div class=\"elementor-widget-wrap elementor-element-populated\">\n\t\t\t\t\t\t<div class=\"elementor-element elementor-element-930922a elementor-widget elementor-widget-heading\" data-id=\"930922a\" data-element_type=\"widget\" data-e-type=\"widget\" data-widget_type=\"heading.default\">\n\t\t\t\t<div class=\"elementor-widget-container\">\n\t\t\t\t\t<h1 class=\"elementor-heading-title elementor-size-default\">Z\u00e1sady ochrany osobn\u00edch \u00fadaj\u016f<\/h1>\t\t\t\t<\/div>\n\t\t\t\t<\/div>\n\t\t\t\t\t<\/div>\n\t\t<\/div>\n\t\t\t\t\t<\/div>\n\t\t<\/section>\n\t\t\t\t\t<\/div>\n\t\t<\/div>\n\t\t\t\t\t<\/div>\n\t\t<\/section>\n\t\t\t\t<section class=\"elementor-section elementor-top-section elementor-element elementor-element-7bbe08ea elementor-section-boxed elementor-section-height-default elementor-section-height-default\" data-id=\"7bbe08ea\" data-element_type=\"section\" data-e-type=\"section\" data-settings=\"{&quot;jet_parallax_layout_list&quot;:[],&quot;background_background&quot;:&quot;classic&quot;}\">\n\t\t\t\t\t\t<div class=\"elementor-container elementor-column-gap-default\">\n\t\t\t\t\t<div class=\"elementor-column elementor-col-100 elementor-top-column elementor-element elementor-element-250b3767\" data-id=\"250b3767\" data-element_type=\"column\" data-e-type=\"column\">\n\t\t\t<div class=\"elementor-widget-wrap elementor-element-populated\">\n\t\t\t\t\t\t<div class=\"elementor-element elementor-element-538267b5 elementor-widget elementor-widget-text-editor\" data-id=\"538267b5\" data-element_type=\"widget\" data-e-type=\"widget\" data-widget_type=\"text-editor.default\">\n\t\t\t\t<div class=\"elementor-widget-container\">\n\t\t\t\t\t\t\t\t\t<h2 class=\"wp-block-heading\">Kdo jsme<\/h2><p><strong class=\"privacy-policy-tutorial\">Navrhovan\u00fd text: <\/strong>Adresa na\u0161ich webov\u00fdch str\u00e1nek je: https:\/\/wagnerstays.com.<\/p><h2 class=\"wp-block-heading\">Koment\u00e1\u0159e<\/h2><p><strong class=\"privacy-policy-tutorial\">Navrhovan\u00fd text: <\/strong>Kdy\u017e n\u00e1v\u0161t\u011bvn\u00edci zanechaj\u00ed na webu koment\u00e1\u0159e, shroma\u017e\u010fujeme data zobrazen\u00e1 ve formul\u00e1\u0159i koment\u00e1\u0159\u016f a tak\u00e9 IP adresu n\u00e1v\u0161t\u011bvn\u00edka a \u0159et\u011bzec user-agent prohl\u00ed\u017ee\u010de, abychom pomohli s detekc\u00ed spamu.<\/p><p>Slu\u017eb\u011b Gravatar m\u016f\u017ee b\u00fdt poskytnut anonymizovan\u00fd \u0159et\u011bzec vytvo\u0159en\u00fd z va\u0161\u00ed e-mailov\u00e9 adresy (naz\u00fdvan\u00fd tak\u00e9 hash), aby se zjistilo, zda ji pou\u017e\u00edv\u00e1te. Z\u00e1sady ochrany osobn\u00edch \u00fadaj\u016f slu\u017eby Gravatar jsou k dispozici zde: https:\/\/automattic.com\/privacy\/. Po schv\u00e1len\u00ed va\u0161eho koment\u00e1\u0159e bude v\u00e1\u0161 profilov\u00fd obr\u00e1zek viditeln\u00fd ve\u0159ejnosti v kontextu va\u0161eho koment\u00e1\u0159e.<\/p><h2 class=\"wp-block-heading\">M\u00e9dia<\/h2><p><strong class=\"privacy-policy-tutorial\">Navrhovan\u00fd text: <\/strong>Pokud nahr\u00e1v\u00e1te obr\u00e1zky na webov\u00e9 str\u00e1nky, m\u011bli byste se vyhnout nahr\u00e1v\u00e1n\u00ed obr\u00e1zk\u016f s vlo\u017een\u00fdmi \u00fadaji o poloze (EXIF GPS). N\u00e1v\u0161t\u011bvn\u00edci webov\u00fdch str\u00e1nek si mohou st\u00e1hnout a extrahovat jak\u00e9koli \u00fadaje o poloze z obr\u00e1zk\u016f na webov\u00fdch str\u00e1nk\u00e1ch.<\/p><h2 class=\"wp-block-heading\">Soubory cookie<\/h2><p><strong class=\"privacy-policy-tutorial\">Navrhovan\u00fd text: <\/strong>Pokud na na\u0161ich str\u00e1nk\u00e1ch zanech\u00e1te koment\u00e1\u0159, m\u016f\u017eete se p\u0159ihl\u00e1sit k ukl\u00e1d\u00e1n\u00ed sv\u00e9ho jm\u00e9na, e-mailov\u00e9 adresy a webov\u00fdch str\u00e1nek do soubor\u016f cookie. Tyto soubory slou\u017e\u00ed k va\u0161emu pohodl\u00ed, abyste nemuseli znovu vypl\u0148ovat sv\u00e9 \u00fadaje, kdy\u017e zanech\u00e1te dal\u0161\u00ed koment\u00e1\u0159. Tyto soubory cookie z\u016fstanou uchov\u00e1v\u00e1ny jeden rok.<\/p><p>Pokud nav\u0161t\u00edv\u00edte na\u0161i p\u0159ihla\u0161ovac\u00ed str\u00e1nku, nastav\u00edme do\u010dasn\u00fd soubor cookie, abychom zjistili, zda v\u00e1\u0161 prohl\u00ed\u017ee\u010d soubory cookie akceptuje. Tento soubor cookie neobsahuje \u017e\u00e1dn\u00e9 osobn\u00ed \u00fadaje a po zav\u0159en\u00ed prohl\u00ed\u017ee\u010de se zama\u017ee.<\/p><p>Po p\u0159ihl\u00e1\u0161en\u00ed tak\u00e9 nastav\u00edme n\u011bkolik soubor\u016f cookie, kter\u00e9 ukl\u00e1daj\u00ed va\u0161e p\u0159ihla\u0161ovac\u00ed \u00fadaje a va\u0161e volby zobrazen\u00ed obrazovky. P\u0159ihla\u0161ovac\u00ed soubory cookie plat\u00ed dva dny a soubory cookie s mo\u017enostmi zobrazen\u00ed plat\u00ed jeden rok. Pokud vyberete mo\u017enost \"Zapamatovat si m\u011b\", va\u0161e p\u0159ihl\u00e1\u0161en\u00ed bude platit dva t\u00fddny. Pokud se odhl\u00e1s\u00edte ze sv\u00e9ho \u00fa\u010dtu, p\u0159ihla\u0161ovac\u00ed soubory cookie budou odstran\u011bny.<\/p><p>Pokud uprav\u00edte nebo publikujete \u010dl\u00e1nek, bude ve va\u0161em prohl\u00ed\u017ee\u010di ulo\u017een dal\u0161\u00ed soubor cookie. Tento soubor cookie neobsahuje \u017e\u00e1dn\u00e9 osobn\u00ed \u00fadaje a pouze uv\u00e1d\u00ed ID p\u0159\u00edsp\u011bvku, kter\u00fd jste pr\u00e1v\u011b upravili. Jeho platnost vypr\u0161\u00ed po 1 dni.<\/p><h2 class=\"wp-block-heading\">Vlo\u017een\u00fd obsah z jin\u00fdch webov\u00fdch str\u00e1nek<\/h2><p><strong class=\"privacy-policy-tutorial\">Navrhovan\u00fd text: <\/strong>\u010cl\u00e1nky na tomto webu mohou obsahovat vlo\u017een\u00fd obsah (nap\u0159. videa, obr\u00e1zky, \u010dl\u00e1nky atd.). Vlo\u017een\u00fd obsah z jin\u00fdch webov\u00fdch str\u00e1nek se chov\u00e1 \u00fapln\u011b stejn\u011b, jako kdyby n\u00e1v\u0161t\u011bvn\u00edk nav\u0161t\u00edvil dan\u00fd web.<\/p><p>Tyto webov\u00e9 str\u00e1nky mohou shroma\u017e\u010fovat \u00fadaje o v\u00e1s, pou\u017e\u00edvat soubory cookie, vkl\u00e1dat dal\u0161\u00ed sledov\u00e1n\u00ed t\u0159et\u00edch stran a monitorovat va\u0161i interakci s t\u00edmto vlo\u017een\u00fdm obsahem, v\u010detn\u011b sledov\u00e1n\u00ed va\u0161\u00ed interakce s vlo\u017een\u00fdm obsahem, pokud m\u00e1te \u00fa\u010det a jste na dan\u00fdch webov\u00fdch str\u00e1nk\u00e1ch p\u0159ihl\u00e1\u0161eni.<\/p><h2 class=\"wp-block-heading\">S k\u00fdm sd\u00edl\u00edme va\u0161e data<\/h2><p><strong class=\"privacy-policy-tutorial\">Navrhovan\u00fd text: <\/strong>Pokud po\u017e\u00e1d\u00e1te o resetov\u00e1n\u00ed hesla, bude va\u0161e IP adresa uvedena v e-mailu s \u017e\u00e1dost\u00ed o resetov\u00e1n\u00ed.<\/p><h2 class=\"wp-block-heading\">Jak dlouho uchov\u00e1v\u00e1me va\u0161e \u00fadaje<\/h2><p><strong class=\"privacy-policy-tutorial\">Navrhovan\u00fd text: <\/strong>Pokud zanech\u00e1te koment\u00e1\u0159, koment\u00e1\u0159 a jeho metadata z\u016fstanou uchov\u00e1v\u00e1ny na dobu neur\u010ditou. To proto, abychom mohli automaticky rozpoznat a schv\u00e1lit ve\u0161ker\u00e9 n\u00e1sledn\u00e9 koment\u00e1\u0159e, m\u00edsto abychom je dr\u017eeli ve front\u011b na moderov\u00e1n\u00ed.<\/p><p>Pro u\u017eivatele, kte\u0159\u00ed se zaregistruj\u00ed na na\u0161ich webov\u00fdch str\u00e1nk\u00e1ch (pokud existuj\u00ed), ukl\u00e1d\u00e1me tak\u00e9 osobn\u00ed \u00fadaje, kter\u00e9 poskytnou, do jejich u\u017eivatelsk\u00e9ho profilu. V\u0161ichni u\u017eivatel\u00e9 si mohou sv\u00e9 osobn\u00ed \u00fadaje kdykoli prohl\u00ed\u017eet, upravovat nebo mazat (s v\u00fdjimkou mo\u017enosti zm\u011bnit si u\u017eivatelsk\u00e9 jm\u00e9no). Tyto informace mohou prohl\u00ed\u017eet a upravovat i spr\u00e1vci webov\u00fdch str\u00e1nek.<\/p><h2 class=\"wp-block-heading\">Jak\u00e1 m\u00e1te pr\u00e1va ohledn\u011b sv\u00fdch \u00fadaj\u016f<\/h2><p><strong class=\"privacy-policy-tutorial\">Navrhovan\u00fd text: <\/strong>Pokud m\u00e1te na tomto webu \u00fa\u010det nebo jste zanechali koment\u00e1\u0159e, m\u016f\u017eete po\u017e\u00e1dat o exportovan\u00fd soubor s osobn\u00edmi \u00fadaji, kter\u00e9 o v\u00e1s uchov\u00e1v\u00e1me, v\u010detn\u011b \u00fadaj\u016f, kter\u00e9 jste n\u00e1m poskytli. M\u016f\u017eete tak\u00e9 po\u017e\u00e1dat o vymaz\u00e1n\u00ed ve\u0161ker\u00fdch osobn\u00edch \u00fadaj\u016f, kter\u00e9 o v\u00e1s uchov\u00e1v\u00e1me. To nezahrnuje \u017e\u00e1dn\u00e9 \u00fadaje, kter\u00e9 jsme povinni uchov\u00e1vat pro administrativn\u00ed, pr\u00e1vn\u00ed nebo bezpe\u010dnostn\u00ed \u00fa\u010dely.<\/p><h2 class=\"wp-block-heading\">Kam jsou va\u0161e data odes\u00edl\u00e1na<\/h2><p><strong class=\"privacy-policy-tutorial\">Navrhovan\u00fd text: <\/strong>Koment\u00e1\u0159e n\u00e1v\u0161t\u011bvn\u00edk\u016f mohou b\u00fdt kontrolov\u00e1ny pomoc\u00ed automatizovan\u00e9 slu\u017eby pro detekci spamu.<\/p>\t\t\t\t\t\t\t\t<\/div>\n\t\t\t\t<\/div>\n\t\t\t\t\t<\/div>\n\t\t<\/div>\n\t\t\t\t\t<\/div>\n\t\t<\/section>\n\t\t\t\t<\/div>","protected":false},"excerpt":{"rendered":"<p>Who we are Suggested text: Our website address is: https:\/\/wagnerstays.com. Comments Suggested text: When visitors leave comments on the site we collect the data shown in the comments form, and also the visitor&#8217;s IP address and browser user agent string to help spam detection. An anonymized string created from your email address (also called a [&hellip;]<\/p>\n","protected":false},"author":1603,"featured_media":0,"parent":0,"menu_order":0,"comment_status":"closed","ping_status":"closed","template":"","meta":{"_acf_changed":false,"footnotes":""},"class_list":["post-3","page","type-page","status-publish","hentry"],"acf":[],"_links":{"self":[{"href":"https:\/\/wagnerstays.com\/cs\/wp-json\/wp\/v2\/pages\/3","targetHints":{"allow":["GET"]}}],"collection":[{"href":"https:\/\/wagnerstays.com\/cs\/wp-json\/wp\/v2\/pages"}],"about":[{"href":"https:\/\/wagnerstays.com\/cs\/wp-json\/wp\/v2\/types\/page"}],"author":[{"embeddable":true,"href":"https:\/\/wagnerstays.com\/cs\/wp-json\/wp\/v2\/users\/1603"}],"replies":[{"embeddable":true,"href":"https:\/\/wagnerstays.com\/cs\/wp-json\/wp\/v2\/comments?post=3"}],"version-history":[{"count":4,"href":"https:\/\/wagnerstays.com\/cs\/wp-json\/wp\/v2\/pages\/3\/revisions"}],"predecessor-version":[{"id":195687,"href":"https:\/\/wagnerstays.com\/cs\/wp-json\/wp\/v2\/pages\/3\/revisions\/195687"}],"wp:attachment":[{"href":"https:\/\/wagnerstays.com\/cs\/wp-json\/wp\/v2\/media?parent=3"}],"curies":[{"name":"wp","href":"https:\/\/api.w.org\/{rel}","templated":true}]}}