{"id":195688,"date":"2023-11-28T13:25:46","date_gmt":"2023-11-28T13:25:46","guid":{"rendered":"https:\/\/wagnerstays.com\/?page_id=195688"},"modified":"2024-02-22T20:47:06","modified_gmt":"2024-02-22T20:47:06","slug":"terms-and-conditions","status":"publish","type":"page","link":"https:\/\/wagnerstays.com\/cs\/terms-and-conditions\/","title":{"rendered":"Obchodn\u00ed podm\u00ednky"},"content":{"rendered":"<div data-elementor-type=\"wp-page\" data-elementor-id=\"195688\" class=\"elementor elementor-195688\" data-elementor-post-type=\"page\">\n\t\t\t\t\t\t<section class=\"elementor-section elementor-top-section elementor-element elementor-element-e9b3e30 elementor-section-height-min-height elementor-section-boxed elementor-section-height-default elementor-section-items-middle\" data-id=\"e9b3e30\" data-element_type=\"section\" data-e-type=\"section\" data-settings=\"{&quot;jet_parallax_layout_list&quot;:[],&quot;background_background&quot;:&quot;classic&quot;,&quot;shape_divider_bottom&quot;:&quot;curve&quot;}\">\n\t\t\t\t\t\t\t<div class=\"elementor-background-overlay\"><\/div>\n\t\t\t\t\t\t<div class=\"elementor-shape elementor-shape-bottom\" aria-hidden=\"true\" data-negative=\"false\">\n\t\t\t<svg xmlns=\"http:\/\/www.w3.org\/2000\/svg\" viewbox=\"0 0 1000 100\" preserveaspectratio=\"none\">\n    <path class=\"elementor-shape-fill\" d=\"M1000,4.3V0H0v4.3C0.9,23.1,126.7,99.2,500,100S1000,22.7,1000,4.3z\"\/>\n<\/svg>\t\t<\/div>\n\t\t\t\t\t<div class=\"elementor-container elementor-column-gap-default\">\n\t\t\t\t\t<div class=\"elementor-column elementor-col-100 elementor-top-column elementor-element elementor-element-aa4a3a3\" data-id=\"aa4a3a3\" data-element_type=\"column\" data-e-type=\"column\">\n\t\t\t<div class=\"elementor-widget-wrap elementor-element-populated\">\n\t\t\t\t\t\t<section class=\"elementor-section elementor-inner-section elementor-element elementor-element-4d88e81 elementor-section-boxed elementor-section-height-default elementor-section-height-default\" data-id=\"4d88e81\" data-element_type=\"section\" data-e-type=\"section\" data-settings=\"{&quot;jet_parallax_layout_list&quot;:[]}\">\n\t\t\t\t\t\t<div class=\"elementor-container elementor-column-gap-default\">\n\t\t\t\t\t<div class=\"elementor-column elementor-col-100 elementor-inner-column elementor-element elementor-element-a5935c8\" data-id=\"a5935c8\" data-element_type=\"column\" data-e-type=\"column\">\n\t\t\t<div class=\"elementor-widget-wrap elementor-element-populated\">\n\t\t\t\t\t\t<div class=\"elementor-element elementor-element-31eb69b elementor-widget elementor-widget-heading\" data-id=\"31eb69b\" data-element_type=\"widget\" data-e-type=\"widget\" data-widget_type=\"heading.default\">\n\t\t\t\t<div class=\"elementor-widget-container\">\n\t\t\t\t\t<h1 class=\"elementor-heading-title elementor-size-default\">Obchodn\u00ed podm\u00ednky<\/h1>\t\t\t\t<\/div>\n\t\t\t\t<\/div>\n\t\t\t\t\t<\/div>\n\t\t<\/div>\n\t\t\t\t\t<\/div>\n\t\t<\/section>\n\t\t\t\t\t<\/div>\n\t\t<\/div>\n\t\t\t\t\t<\/div>\n\t\t<\/section>\n\t\t\t\t<section class=\"elementor-section elementor-top-section elementor-element elementor-element-bb2e1b9 elementor-section-boxed elementor-section-height-default elementor-section-height-default\" data-id=\"bb2e1b9\" data-element_type=\"section\" data-e-type=\"section\" data-settings=\"{&quot;jet_parallax_layout_list&quot;:[],&quot;background_background&quot;:&quot;classic&quot;}\">\n\t\t\t\t\t\t<div class=\"elementor-container elementor-column-gap-default\">\n\t\t\t\t\t<div class=\"elementor-column elementor-col-100 elementor-top-column elementor-element elementor-element-2e66ada\" data-id=\"2e66ada\" data-element_type=\"column\" data-e-type=\"column\">\n\t\t\t<div class=\"elementor-widget-wrap elementor-element-populated\">\n\t\t\t\t\t\t<div class=\"elementor-element elementor-element-b84e0c5 elementor-widget elementor-widget-text-editor\" data-id=\"b84e0c5\" data-element_type=\"widget\" data-e-type=\"widget\" data-widget_type=\"text-editor.default\">\n\t\t\t\t<div class=\"elementor-widget-container\">\n\t\t\t\t\t\t\t\t\t<div><h2>Co je Lorem Ipsum?<\/h2><p><strong>Lorem Ipsum<\/strong>\u00a0je jednodu\u0161e \u0161ablonov\u00fd text pou\u017e\u00edvan\u00fd v polygrafick\u00e9m a sazebn\u00edm pr\u016fmyslu. Lorem Ipsum je standardn\u00ed \u0161ablonov\u00fd text v tomto odv\u011btv\u00ed ji\u017e od 16. stolet\u00ed, kdy nezn\u00e1m\u00fd tiska\u0159 vzal galerii p\u00edsma a zm\u00edchal ji, aby vytvo\u0159il knihu vzorn\u00edk\u016f p\u00edsma. P\u0159e\u017eil nejen p\u011bt stolet\u00ed, ale i skok do elektronick\u00e9 sazby, p\u0159i\u010dem\u017e z\u016fstal v podstat\u011b nezm\u011bn\u011bn. Popularizoval se v 60. letech 20. stolet\u00ed s vyd\u00e1n\u00edm list\u016f Letraset obsahuj\u00edc\u00edch pas\u00e1\u017ee z Lorem Ipsum a v posledn\u00ed dob\u011b s desktopov\u00fdm publika\u010dn\u00edm softwarem, jako je Aldus PageMaker, v\u010detn\u011b verz\u00ed Lorem Ipsum.<\/p><\/div><div><h2>Pro\u010d to pou\u017e\u00edv\u00e1me?<\/h2><p>Je dlouhodob\u011b zn\u00e1m\u00fdm faktem, \u017ee \u010dten\u00e1\u0159 bude p\u0159i pohledu na rozvr\u017een\u00ed str\u00e1nky rozptylov\u00e1n \u010diteln\u00fdm obsahem. Smyslem pou\u017eit\u00ed Lorem Ipsum je v\u00edcem\u00e9n\u011b norm\u00e1ln\u00ed rozlo\u017een\u00ed p\u00edsmen, na rozd\u00edl od pou\u017eit\u00ed \u2018Obsah zde, obsah zde\u2019, d\u00edky \u010demu\u017e vypad\u00e1 jako \u010diteln\u00e1 angli\u010dtina. Mnoho bal\u00ed\u010dk\u016f pro stoln\u00ed publikov\u00e1n\u00ed a editor\u016f webov\u00fdch str\u00e1nek nyn\u00ed pou\u017e\u00edv\u00e1 Lorem Ipsum jako v\u00fdchoz\u00ed modelov\u00fd text a vyhled\u00e1v\u00e1n\u00ed \u2018lorem ipsum\u2019 odhal\u00ed mnoho webov\u00fdch str\u00e1nek, kter\u00e9 jsou st\u00e1le v plenk\u00e1ch. V pr\u016fb\u011bhu let se vyvinuly r\u016fzn\u00e9 verze, n\u011bkdy n\u00e1hodou, n\u011bkdy z\u00e1m\u011brn\u011b (vlo\u017een\u00fd humor a podobn\u011b).<\/p><\/div><p>\u00a0<\/p><div><h2>Odkud to poch\u00e1z\u00ed?<\/h2><p>Na rozd\u00edl od v\u0161eobecn\u00e9ho p\u0159esv\u011bd\u010den\u00ed nen\u00ed Lorem Ipsum jen n\u00e1hodn\u00fd text. Jeho ko\u0159eny sahaj\u00ed do klasick\u00e9 latinsk\u00e9 literatury z roku 45 p\u0159. n. l., tak\u017ee je star\u00fd p\u0159es 2000 let. Richard McClintock, profesor latiny na Hampden-Sydney College ve Virginii, vyhledal jedno z m\u00e9n\u011b zn\u00e1m\u00fdch latinsk\u00fdch slov, consectetur, v pas\u00e1\u017ei z Lorem Ipsum a proch\u00e1zen\u00edm citac\u00ed tohoto slova v klasick\u00e9 literatu\u0159e objevil nepochybn\u00fd zdroj. Lorem Ipsum poch\u00e1z\u00ed z odd\u00edl\u016f 1.10.32 a 1.10.33 knihy \u201cDe Finibus Bonorum et Malorum\u201d (Extr\u00e9my dobra a zla) od Cicera, napsan\u00e9 v roce 45 p\u0159. n. l. Tato kniha je pojedn\u00e1n\u00edm o teorii etiky, velmi popul\u00e1rn\u00ed v dob\u011b renesance. Prvn\u00ed \u0159\u00e1dek Lorem Ipsum, \u201cLorem ipsum dolor sit amet..\u201d, poch\u00e1z\u00ed z \u0159\u00e1dku v odd\u00edle 1.10.32.<\/p><p>Standardn\u00ed \u010d\u00e1st Lorem Ipsum pou\u017e\u00edvan\u00e1 od 16. stolet\u00ed je pro z\u00e1jemce reprodukov\u00e1na n\u00ed\u017ee. Odd\u00edly 1.10.32 a 1.10.33 z d\u00edla \u201cde Finibus Bonorum et Malorum\u201d od Cicera jsou tak\u00e9 reprodukov\u00e1ny v p\u0159esn\u00e9 p\u016fvodn\u00ed podob\u011b, dopln\u011bn\u00e9 anglick\u00fdmi verzemi z p\u0159ekladu H. Rackhama z roku 1914.<\/p><\/div><div><h2>Kde m\u016f\u017eu n\u011bjak\u00e9 sehnat?<\/h2><p>Existuje mnoho variant pas\u00e1\u017e\u00ed z Lorem Ipsum, ale v\u011bt\u0161ina z nich byla n\u011bjak pozm\u011bn\u011bna, nap\u0159. vhozen\u00edm humoru nebo n\u00e1hodn\u00fdmi slovy, kter\u00e1 nevypadaj\u00ed ani trochu v\u011brohodn\u011b. Pokud chcete pou\u017e\u00edt pas\u00e1\u017e z Lorem Ipsum, mus\u00edte se ujistit, \u017ee uprost\u0159ed textu nen\u00ed skryto nic trapn\u00e9ho. V\u0161echny gener\u00e1tory Lorem Ipsum na internetu maj\u00ed tendenci opakovat p\u0159eddefinovan\u00e9 \u010d\u00e1sti textu podle pot\u0159eby, co\u017e z n\u011bj \u010din\u00ed prvn\u00ed skute\u010dn\u00fd gener\u00e1tor na internetu. Pou\u017e\u00edv\u00e1 slovn\u00edk v\u00edce ne\u017e 200 latinsk\u00fdch slov v kombinaci s hrstkou modelov\u00fdch v\u011btn\u00fdch struktur k vygenerov\u00e1n\u00ed Lorem Ipsum, kter\u00e9 vypad\u00e1 rozumn\u011b. Vygenerovan\u00e9 Lorem Ipsum je proto v\u017edy bez opakov\u00e1n\u00ed, vhozen\u00ed humoru nebo necharakteristick\u00fdch slov atd.<\/p><\/div>\t\t\t\t\t\t\t\t<\/div>\n\t\t\t\t<\/div>\n\t\t\t\t\t<\/div>\n\t\t<\/div>\n\t\t\t\t\t<\/div>\n\t\t<\/section>\n\t\t\t\t<\/div>","protected":false},"excerpt":{"rendered":"<p>What is Lorem Ipsum? Lorem Ipsum\u00a0is simply dummy text of the printing and typesetting industry. Lorem Ipsum has been the industry&#8217;s standard dummy text ever since the 1500s, when an unknown printer took a galley of type and scrambled it to make a type specimen book. It has survived not only five centuries, but also [&hellip;]<\/p>\n","protected":false},"author":1603,"featured_media":0,"parent":0,"menu_order":0,"comment_status":"closed","ping_status":"closed","template":"","meta":{"_acf_changed":false,"footnotes":""},"class_list":["post-195688","page","type-page","status-publish","hentry"],"acf":[],"_links":{"self":[{"href":"https:\/\/wagnerstays.com\/cs\/wp-json\/wp\/v2\/pages\/195688","targetHints":{"allow":["GET"]}}],"collection":[{"href":"https:\/\/wagnerstays.com\/cs\/wp-json\/wp\/v2\/pages"}],"about":[{"href":"https:\/\/wagnerstays.com\/cs\/wp-json\/wp\/v2\/types\/page"}],"author":[{"embeddable":true,"href":"https:\/\/wagnerstays.com\/cs\/wp-json\/wp\/v2\/users\/1603"}],"replies":[{"embeddable":true,"href":"https:\/\/wagnerstays.com\/cs\/wp-json\/wp\/v2\/comments?post=195688"}],"version-history":[{"count":7,"href":"https:\/\/wagnerstays.com\/cs\/wp-json\/wp\/v2\/pages\/195688\/revisions"}],"predecessor-version":[{"id":195697,"href":"https:\/\/wagnerstays.com\/cs\/wp-json\/wp\/v2\/pages\/195688\/revisions\/195697"}],"wp:attachment":[{"href":"https:\/\/wagnerstays.com\/cs\/wp-json\/wp\/v2\/media?parent=195688"}],"curies":[{"name":"wp","href":"https:\/\/api.w.org\/{rel}","templated":true}]}}