{"id":193900,"date":"2023-05-26T09:36:56","date_gmt":"2023-05-26T09:36:56","guid":{"rendered":"https:\/\/wagnerstays.com\/?page_id=193900"},"modified":"2025-02-26T12:22:59","modified_gmt":"2025-02-26T12:22:59","slug":"what-to-do-in-prague-direct-booking-tips","status":"publish","type":"page","link":"https:\/\/wagnerstays.com\/cs\/what-to-do-in-prague-direct-booking-tips\/","title":{"rendered":"Blog"},"content":{"rendered":"<div data-elementor-type=\"wp-page\" data-elementor-id=\"193900\" class=\"elementor elementor-193900\" data-elementor-post-type=\"page\">\n\t\t\t\t\t\t<section class=\"elementor-section elementor-top-section elementor-element elementor-element-905baf5 elementor-section-height-min-height elementor-section-boxed elementor-section-height-default elementor-section-items-middle\" data-id=\"905baf5\" data-element_type=\"section\" data-e-type=\"section\" data-settings=\"{&quot;jet_parallax_layout_list&quot;:[],&quot;background_background&quot;:&quot;classic&quot;,&quot;shape_divider_bottom&quot;:&quot;curve&quot;}\">\n\t\t\t\t\t\t\t<div class=\"elementor-background-overlay\"><\/div>\n\t\t\t\t\t\t<div class=\"elementor-shape elementor-shape-bottom\" aria-hidden=\"true\" data-negative=\"false\">\n\t\t\t<svg xmlns=\"http:\/\/www.w3.org\/2000\/svg\" viewbox=\"0 0 1000 100\" preserveaspectratio=\"none\">\n    <path class=\"elementor-shape-fill\" d=\"M1000,4.3V0H0v4.3C0.9,23.1,126.7,99.2,500,100S1000,22.7,1000,4.3z\"\/>\n<\/svg>\t\t<\/div>\n\t\t\t\t\t<div class=\"elementor-container elementor-column-gap-default\">\n\t\t\t\t\t<div class=\"elementor-column elementor-col-100 elementor-top-column elementor-element elementor-element-3d69a36\" data-id=\"3d69a36\" data-element_type=\"column\" data-e-type=\"column\">\n\t\t\t<div class=\"elementor-widget-wrap elementor-element-populated\">\n\t\t\t\t\t\t<section class=\"elementor-section elementor-inner-section elementor-element elementor-element-aa41aa0 elementor-section-boxed elementor-section-height-default elementor-section-height-default\" data-id=\"aa41aa0\" data-element_type=\"section\" data-e-type=\"section\" data-settings=\"{&quot;jet_parallax_layout_list&quot;:[]}\">\n\t\t\t\t\t\t<div class=\"elementor-container elementor-column-gap-default\">\n\t\t\t\t\t<div class=\"elementor-column elementor-col-100 elementor-inner-column elementor-element elementor-element-0833fd3\" data-id=\"0833fd3\" data-element_type=\"column\" data-e-type=\"column\">\n\t\t\t<div class=\"elementor-widget-wrap elementor-element-populated\">\n\t\t\t\t\t\t<div class=\"elementor-element elementor-element-a9f2741 elementor-widget elementor-widget-heading\" data-id=\"a9f2741\" data-element_type=\"widget\" data-e-type=\"widget\" data-widget_type=\"heading.default\">\n\t\t\t\t<div class=\"elementor-widget-container\">\n\t\t\t\t\t<h1 class=\"elementor-heading-title elementor-size-default\">Blog<\/h1>\t\t\t\t<\/div>\n\t\t\t\t<\/div>\n\t\t\t\t\t<\/div>\n\t\t<\/div>\n\t\t\t\t\t<\/div>\n\t\t<\/section>\n\t\t\t\t\t<\/div>\n\t\t<\/div>\n\t\t\t\t\t<\/div>\n\t\t<\/section>\n\t\t\t\t<section class=\"elementor-section elementor-top-section elementor-element elementor-element-448d832 elementor-section-boxed elementor-section-height-default elementor-section-height-default\" data-id=\"448d832\" data-element_type=\"section\" data-e-type=\"section\" data-settings=\"{&quot;jet_parallax_layout_list&quot;:[],&quot;background_background&quot;:&quot;classic&quot;}\">\n\t\t\t\t\t\t<div class=\"elementor-container elementor-column-gap-default\">\n\t\t\t\t\t<div class=\"elementor-column elementor-col-100 elementor-top-column elementor-element elementor-element-ef47a5e\" data-id=\"ef47a5e\" data-element_type=\"column\" data-e-type=\"column\">\n\t\t\t<div class=\"elementor-widget-wrap elementor-element-populated\">\n\t\t\t\t\t\t<div class=\"elementor-element elementor-element-af55f13 elementor-grid-3 elementor-grid-tablet-2 elementor-grid-mobile-1 elementor-posts--thumbnail-top elementor-card-shadow-yes elementor-posts__hover-gradient elementor-widget elementor-widget-posts\" data-id=\"af55f13\" data-element_type=\"widget\" data-e-type=\"widget\" data-settings=\"{&quot;cards_columns&quot;:&quot;3&quot;,&quot;cards_columns_tablet&quot;:&quot;2&quot;,&quot;cards_columns_mobile&quot;:&quot;1&quot;,&quot;cards_row_gap&quot;:{&quot;unit&quot;:&quot;px&quot;,&quot;size&quot;:35,&quot;sizes&quot;:[]},&quot;cards_row_gap_tablet&quot;:{&quot;unit&quot;:&quot;px&quot;,&quot;size&quot;:&quot;&quot;,&quot;sizes&quot;:[]},&quot;cards_row_gap_mobile&quot;:{&quot;unit&quot;:&quot;px&quot;,&quot;size&quot;:&quot;&quot;,&quot;sizes&quot;:[]}}\" data-widget_type=\"posts.cards\">\n\t\t\t\t<div class=\"elementor-widget-container\">\n\t\t\t\t\t\t\t<div class=\"elementor-posts-container elementor-posts elementor-posts--skin-cards elementor-grid\" role=\"list\">\n\t\t\t\t<article class=\"elementor-post elementor-grid-item post-4 post type-post status-publish format-standard has-post-thumbnail hentry category-concert\" role=\"listitem\">\n\t\t\t<div class=\"elementor-post__card\">\n\t\t\t\t<a class=\"elementor-post__thumbnail__link\" href=\"https:\/\/wagnerstays.com\/cs\/imagine-dragons-prague-2025\/\" tabindex=\"-1\" ><div class=\"elementor-post__thumbnail\"><img fetchpriority=\"high\" decoding=\"async\" width=\"300\" height=\"300\" src=\"https:\/\/wagnerstays.com\/wp-content\/uploads\/2023\/05\/orig_ImagineDragons_support_600x600_vyprodano_9_6_202492384912-300x300.jpg\" class=\"attachment-medium size-medium wp-image-207329\" alt=\"orig ImagineDragons support 600x600 vyprodano 9 6 202492384912\" srcset=\"https:\/\/wagnerstays.com\/wp-content\/uploads\/2023\/05\/orig_ImagineDragons_support_600x600_vyprodano_9_6_202492384912-300x300.jpg 300w, https:\/\/wagnerstays.com\/wp-content\/uploads\/2023\/05\/orig_ImagineDragons_support_600x600_vyprodano_9_6_202492384912-150x150.jpg 150w, https:\/\/wagnerstays.com\/wp-content\/uploads\/2023\/05\/orig_ImagineDragons_support_600x600_vyprodano_9_6_202492384912-250x250.jpg 250w, https:\/\/wagnerstays.com\/wp-content\/uploads\/2023\/05\/orig_ImagineDragons_support_600x600_vyprodano_9_6_202492384912-500x500.jpg 500w, https:\/\/wagnerstays.com\/wp-content\/uploads\/2023\/05\/orig_ImagineDragons_support_600x600_vyprodano_9_6_202492384912-360x360.jpg 360w, https:\/\/wagnerstays.com\/wp-content\/uploads\/2023\/05\/orig_ImagineDragons_support_600x600_vyprodano_9_6_202492384912.jpg 600w\" sizes=\"(max-width: 300px) 100vw, 300px\" \/><\/div><\/a>\n\t\t\t\t<div class=\"elementor-post__badge\">koncert<\/div>\n\t\t\t\t<div class=\"elementor-post__text\">\n\t\t\t\t<h3 class=\"elementor-post__title\">\n\t\t\t<a href=\"https:\/\/wagnerstays.com\/cs\/imagine-dragons-prague-2025\/\" >\n\t\t\t\tImagine Dragons v Praze 2025 \u2013 Kde se ubytovat pro dokonal\u00fd koncertn\u00ed z\u00e1\u017eitek\t\t\t<\/a>\n\t\t<\/h3>\n\t\t\t\t<div class=\"elementor-post__excerpt\">\n\t\t\t\t\t<\/div>\n\t\t\n\t\t<a class=\"elementor-post__read-more\" href=\"https:\/\/wagnerstays.com\/cs\/imagine-dragons-prague-2025\/\" aria-label=\"P\u0159e\u010dt\u011bte si v\u00edce o Imagine Dragons v Praze 2025 \u2013 Kde se ubytovat pro dokonal\u00fd koncertn\u00ed z\u00e1\u017eitek\" tabindex=\"-1\" >\n\t\t\t\u010c\u00edst d\u00e1le \u00bb\t\t<\/a>\n\n\t\t\t\t<\/div>\n\t\t\t\t\t<\/div>\n\t\t<\/article>\n\t\t\t\t<article class=\"elementor-post elementor-grid-item post-190528 post type-post status-publish format-standard has-post-thumbnail hentry category-uncategorized\" role=\"listitem\">\n\t\t\t<div class=\"elementor-post__card\">\n\t\t\t\t<a class=\"elementor-post__thumbnail__link\" href=\"https:\/\/wagnerstays.com\/cs\/some-useful-links-for-you-to-get-started-2\/\" tabindex=\"-1\" ><div class=\"elementor-post__thumbnail\"><img decoding=\"async\" width=\"300\" height=\"200\" src=\"https:\/\/wagnerstays.com\/wp-content\/uploads\/2023\/05\/Sister-Goldern-300x200.webp\" class=\"attachment-medium size-medium wp-image-193312\" alt=\"Sister Goldern\" srcset=\"https:\/\/wagnerstays.com\/wp-content\/uploads\/2023\/05\/Sister-Goldern-300x200.webp 300w, https:\/\/wagnerstays.com\/wp-content\/uploads\/2023\/05\/Sister-Goldern-450x300.webp 450w, https:\/\/wagnerstays.com\/wp-content\/uploads\/2023\/05\/Sister-Goldern-120x80.webp 120w, https:\/\/wagnerstays.com\/wp-content\/uploads\/2023\/05\/Sister-Goldern.webp 600w\" sizes=\"(max-width: 300px) 100vw, 300px\" \/><\/div><\/a>\n\t\t\t\t<div class=\"elementor-post__badge\">Neza\u0159azen\u00e9<\/div>\n\t\t\t\t<div class=\"elementor-post__text\">\n\t\t\t\t<h3 class=\"elementor-post__title\">\n\t\t\t<a href=\"https:\/\/wagnerstays.com\/cs\/some-useful-links-for-you-to-get-started-2\/\" >\n\t\t\t\tN\u011bkolik u\u017eite\u010dn\u00fdch odkaz\u016f pro za\u010d\u00e1tek 2\t\t\t<\/a>\n\t\t<\/h3>\n\t\t\t\t<div class=\"elementor-post__excerpt\">\n\t\t\t\t\t<\/div>\n\t\t\n\t\t<a class=\"elementor-post__read-more\" href=\"https:\/\/wagnerstays.com\/cs\/some-useful-links-for-you-to-get-started-2\/\" aria-label=\"P\u0159e\u010dt\u011bte si v\u00edce o \u010dl\u00e1nku U\u017eite\u010dn\u00e9 odkazy pro za\u010d\u00e1te\u010dn\u00edky 2\" tabindex=\"-1\" >\n\t\t\t\u010c\u00edst d\u00e1le \u00bb\t\t<\/a>\n\n\t\t\t\t<\/div>\n\t\t\t\t\t<\/div>\n\t\t<\/article>\n\t\t\t\t<article class=\"elementor-post elementor-grid-item post-190529 post type-post status-publish format-standard has-post-thumbnail hentry category-uncategorized\" role=\"listitem\">\n\t\t\t<div class=\"elementor-post__card\">\n\t\t\t\t<a class=\"elementor-post__thumbnail__link\" href=\"https:\/\/wagnerstays.com\/cs\/some-useful-links-for-you-to-get-started-3\/\" tabindex=\"-1\" ><div class=\"elementor-post__thumbnail\"><img decoding=\"async\" width=\"300\" height=\"200\" src=\"https:\/\/wagnerstays.com\/wp-content\/uploads\/2023\/05\/Fat-Belly-300x200.webp\" class=\"attachment-medium size-medium wp-image-193316\" alt=\"Fat Belly\" srcset=\"https:\/\/wagnerstays.com\/wp-content\/uploads\/2023\/05\/Fat-Belly-300x200.webp 300w, https:\/\/wagnerstays.com\/wp-content\/uploads\/2023\/05\/Fat-Belly-450x300.webp 450w, https:\/\/wagnerstays.com\/wp-content\/uploads\/2023\/05\/Fat-Belly-120x80.webp 120w, https:\/\/wagnerstays.com\/wp-content\/uploads\/2023\/05\/Fat-Belly.webp 600w\" sizes=\"(max-width: 300px) 100vw, 300px\" \/><\/div><\/a>\n\t\t\t\t<div class=\"elementor-post__badge\">Neza\u0159azen\u00e9<\/div>\n\t\t\t\t<div class=\"elementor-post__text\">\n\t\t\t\t<h3 class=\"elementor-post__title\">\n\t\t\t<a href=\"https:\/\/wagnerstays.com\/cs\/some-useful-links-for-you-to-get-started-3\/\" >\n\t\t\t\tN\u011bkolik u\u017eite\u010dn\u00fdch odkaz\u016f pro za\u010d\u00e1tek 3\t\t\t<\/a>\n\t\t<\/h3>\n\t\t\t\t<div class=\"elementor-post__excerpt\">\n\t\t\t\t\t<\/div>\n\t\t\n\t\t<a class=\"elementor-post__read-more\" href=\"https:\/\/wagnerstays.com\/cs\/some-useful-links-for-you-to-get-started-3\/\" aria-label=\"P\u0159e\u010dt\u011bte si v\u00edce o \u010dl\u00e1nku U\u017eite\u010dn\u00e9 odkazy pro za\u010d\u00e1tek 3\" tabindex=\"-1\" >\n\t\t\t\u010c\u00edst d\u00e1le \u00bb\t\t<\/a>\n\n\t\t\t\t<\/div>\n\t\t\t\t\t<\/div>\n\t\t<\/article>\n\t\t\t\t<article class=\"elementor-post elementor-grid-item post-69 post type-post status-publish format-standard has-post-thumbnail hentry category-uncategorized\" role=\"listitem\">\n\t\t\t<div class=\"elementor-post__card\">\n\t\t\t\t<a class=\"elementor-post__thumbnail__link\" href=\"https:\/\/wagnerstays.com\/cs\/welcome-to-cloudways-2\/\" tabindex=\"-1\" ><div class=\"elementor-post__thumbnail\"><img loading=\"lazy\" decoding=\"async\" width=\"300\" height=\"200\" src=\"https:\/\/wagnerstays.com\/wp-content\/uploads\/2023\/05\/Sway-Brewing-Blending-300x200.webp\" class=\"attachment-medium size-medium wp-image-193314\" alt=\"Sway Brewing Blending\" srcset=\"https:\/\/wagnerstays.com\/wp-content\/uploads\/2023\/05\/Sway-Brewing-Blending-300x200.webp 300w, https:\/\/wagnerstays.com\/wp-content\/uploads\/2023\/05\/Sway-Brewing-Blending-450x300.webp 450w, https:\/\/wagnerstays.com\/wp-content\/uploads\/2023\/05\/Sway-Brewing-Blending-120x80.webp 120w, https:\/\/wagnerstays.com\/wp-content\/uploads\/2023\/05\/Sway-Brewing-Blending.webp 600w\" sizes=\"(max-width: 300px) 100vw, 300px\" \/><\/div><\/a>\n\t\t\t\t<div class=\"elementor-post__badge\">Neza\u0159azen\u00e9<\/div>\n\t\t\t\t<div class=\"elementor-post__text\">\n\t\t\t\t<h3 class=\"elementor-post__title\">\n\t\t\t<a href=\"https:\/\/wagnerstays.com\/cs\/welcome-to-cloudways-2\/\" >\n\t\t\t\tN\u011bkolik u\u017eite\u010dn\u00fdch odkaz\u016f pro za\u010d\u00e1tek\t\t\t<\/a>\n\t\t<\/h3>\n\t\t\t\t<div class=\"elementor-post__excerpt\">\n\t\t\t\t\t<\/div>\n\t\t\n\t\t<a class=\"elementor-post__read-more\" href=\"https:\/\/wagnerstays.com\/cs\/welcome-to-cloudways-2\/\" aria-label=\"P\u0159e\u010dt\u011bte si v\u00edce o u\u017eite\u010dn\u00fdch odkazech pro za\u010d\u00e1tek\" tabindex=\"-1\" >\n\t\t\t\u010c\u00edst d\u00e1le \u00bb\t\t<\/a>\n\n\t\t\t\t<\/div>\n\t\t\t\t\t<\/div>\n\t\t<\/article>\n\t\t\t\t<\/div>\n\t\t\n\t\t\t\t\t\t<\/div>\n\t\t\t\t<\/div>\n\t\t\t\t\t<\/div>\n\t\t<\/div>\n\t\t\t\t\t<\/div>\n\t\t<\/section>\n\t\t\t\t<\/div>","protected":false},"excerpt":{"rendered":"","protected":false},"author":1603,"featured_media":0,"parent":0,"menu_order":0,"comment_status":"closed","ping_status":"closed","template":"","meta":{"_acf_changed":false,"footnotes":""},"class_list":["post-193900","page","type-page","status-publish","hentry"],"acf":[],"_links":{"self":[{"href":"https:\/\/wagnerstays.com\/cs\/wp-json\/wp\/v2\/pages\/193900","targetHints":{"allow":["GET"]}}],"collection":[{"href":"https:\/\/wagnerstays.com\/cs\/wp-json\/wp\/v2\/pages"}],"about":[{"href":"https:\/\/wagnerstays.com\/cs\/wp-json\/wp\/v2\/types\/page"}],"author":[{"embeddable":true,"href":"https:\/\/wagnerstays.com\/cs\/wp-json\/wp\/v2\/users\/1603"}],"replies":[{"embeddable":true,"href":"https:\/\/wagnerstays.com\/cs\/wp-json\/wp\/v2\/comments?post=193900"}],"version-history":[{"count":14,"href":"https:\/\/wagnerstays.com\/cs\/wp-json\/wp\/v2\/pages\/193900\/revisions"}],"predecessor-version":[{"id":207341,"href":"https:\/\/wagnerstays.com\/cs\/wp-json\/wp\/v2\/pages\/193900\/revisions\/207341"}],"wp:attachment":[{"href":"https:\/\/wagnerstays.com\/cs\/wp-json\/wp\/v2\/media?parent=193900"}],"curies":[{"name":"wp","href":"https:\/\/api.w.org\/{rel}","templated":true}]}}